{"id":3782,"date":"2018-11-25T16:41:27","date_gmt":"2018-11-25T13:41:27","guid":{"rendered":"https:\/\/www.guzelfikir.com\/?page_id=3782"},"modified":"2023-05-23T15:37:02","modified_gmt":"2023-05-23T12:37:02","slug":"kunye","status":"publish","type":"page","link":"https:\/\/guzelfikir.com\/blog\/kunye\/","title":{"rendered":"K\u00fcnye"},"content":{"rendered":"<p style=\"text-align: center;\"><strong><span style=\"color: #ff0000;\">\u0130mtiyaz Sahibi Y\u00f6netici<\/span><\/strong><\/p>\n<p style=\"text-align: center;\">\u0130leti\u015fim : umut@guzelfikir.com<\/p>\n<p style=\"text-align: center;\"><strong><span style=\"color: #ff0000;\">Proje Sorumlusu :<\/span><\/strong><\/p>\n<p style=\"text-align: center;\"><img decoding=\"async\" loading=\"lazy\" class=\"aligncenter size-full wp-image-3783\" src=\"https:\/\/guzelfikir.com\/blog\/wp-content\/uploads\/2018\/11\/man.png\" alt=\"\" width=\"100\" height=\"124\" title=\"\"><\/p>\n<p style=\"text-align: center;\">Umut Para<\/p>\n<p style=\"text-align: center;\">\u0130leti\u015fim : umut@guzelfikir.com<\/p>\n<p style=\"text-align: center;\"><strong><span style=\"color: #ff0000;\">Yazarlar:<\/span><\/strong><\/p>\n<p style=\"text-align: center;\">Sitemiz kullan\u0131c\u0131 kat\u0131l\u0131ml\u0131 oldu\u011fu i\u00e7in t\u00fcm yazarlara <a href=\"https:\/\/guzelfikir.com\/blog\/yazarlar\/\">Yazarlar<\/a> sayfam\u0131zdan ula\u015fabilirsiniz.<\/p>\n<p style=\"text-align: center;\"><strong><span style=\"color: #ff0000;\">Genel \u0130leti\u015fim Adresi:<\/span><\/strong><\/p>\n<p style=\"text-align: center;\">Mail: merhaba@guzelfikir.com<\/p>\n<p>&nbsp;<\/p>\n<hr \/>\n<div style=\"text-align: center;\">Guzelfikir.com her hakk\u0131 sakl\u0131d\u0131r. Guzelfikir.com i\u00e7erisindeki i\u00e7erikler Guzelfikir.com adresine aittir izinsiz kopyalanamaz.<\/div>\n<div style=\"text-align: center;\">\n<p>Yazar makaleleri ve di\u011fer olas\u0131 b\u00f6l\u00fcmlerde bulunan t\u00fcm kullan\u0131c\u0131 kat\u0131l\u0131ml\u0131 alanlarda \u00fcyelerimiz yapt\u0131klar\u0131ndan sorumludur. Guzelfikir.com, bu konumda ancak bir i\u00e7erik sa\u011flay\u0131c\u0131 olarak de\u011ferlendirilebilir. E\u011fer rahats\u0131z oldu\u011funuz veya yasalar\u0131 ihlal etti\u011fini d\u00fc\u015f\u00fcnd\u00fc\u011f\u00fcn\u00fcz bir i\u00e7erik varsa, l\u00fctfen \u015fikayet ederek bizi uyar\u0131n\u0131z. Uyar\u0131lar ve di\u011fer i\u015flemler i\u00e7in <a href=\"https:\/\/guzelfikir.com\/blog\/iletisim\/\">ileti\u015fim<\/a> sayfam\u0131zdan veya merhaba@guzelfikir.com&#8217;dan bize ula\u015fabilirsiniz. \u015eikayet gelmesi durumunda ilgili y\u00f6netmelikler \u00e7er\u00e7evesinde en k\u0131sa zamanda d\u00f6n\u00fc\u015f yap\u0131lacakt\u0131r.<\/p>\n<\/div>\n<p style=\"text-align: center;\">\n","protected":false},"excerpt":{"rendered":"<p>\u0130mtiyaz Sahibi Y\u00f6netici \u0130leti\u015fim : umut@guzelfikir.com Proje Sorumlusu : Umut Para \u0130leti\u015fim : umut@guzelfikir.com Yazarlar: Sitemiz kullan\u0131c\u0131 kat\u0131l\u0131ml\u0131 oldu\u011fu i\u00e7in t\u00fcm yazarlara Yazarlar sayfam\u0131zdan ula\u015fabilirsiniz. Genel \u0130leti\u015fim Adresi: Mail: merhaba@guzelfikir.com &nbsp; Guzelfikir.com her hakk\u0131 sakl\u0131d\u0131r. Guzelfikir.com i\u00e7erisindeki i\u00e7erikler Guzelfikir.com adresine aittir izinsiz kopyalanamaz. Yazar makaleleri ve di\u011fer olas\u0131 b\u00f6l\u00fcmlerde bulunan t\u00fcm kullan\u0131c\u0131 kat\u0131l\u0131ml\u0131 alanlarda \u00fcyelerimiz &#8230; <a title=\"K\u00fcnye\" class=\"read-more\" href=\"https:\/\/guzelfikir.com\/blog\/kunye\/\" aria-label=\"More on K\u00fcnye\">Read more<\/a><\/p>\n","protected":false},"author":61,"featured_media":0,"parent":0,"menu_order":0,"comment_status":"closed","ping_status":"closed","template":"","meta":{"footnotes":""},"_links":{"self":[{"href":"https:\/\/guzelfikir.com\/blog\/wp-json\/wp\/v2\/pages\/3782"}],"collection":[{"href":"https:\/\/guzelfikir.com\/blog\/wp-json\/wp\/v2\/pages"}],"about":[{"href":"https:\/\/guzelfikir.com\/blog\/wp-json\/wp\/v2\/types\/page"}],"author":[{"embeddable":true,"href":"https:\/\/guzelfikir.com\/blog\/wp-json\/wp\/v2\/users\/61"}],"replies":[{"embeddable":true,"href":"https:\/\/guzelfikir.com\/blog\/wp-json\/wp\/v2\/comments?post=3782"}],"version-history":[{"count":6,"href":"https:\/\/guzelfikir.com\/blog\/wp-json\/wp\/v2\/pages\/3782\/revisions"}],"predecessor-version":[{"id":8010,"href":"https:\/\/guzelfikir.com\/blog\/wp-json\/wp\/v2\/pages\/3782\/revisions\/8010"}],"wp:attachment":[{"href":"https:\/\/guzelfikir.com\/blog\/wp-json\/wp\/v2\/media?parent=3782"}],"curies":[{"name":"wp","href":"https:\/\/api.w.org\/{rel}","templated":true}]}}