{"id":547,"date":"2017-01-11T13:37:08","date_gmt":"2017-01-11T10:37:08","guid":{"rendered":"http:\/\/bibilya.com\/?page_id=547"},"modified":"2022-08-02T16:17:24","modified_gmt":"2022-08-02T13:17:24","slug":"blogumuza-abone-ol","status":"publish","type":"page","link":"https:\/\/guzelfikir.com\/blog\/blogumuza-abone-ol\/","title":{"rendered":"Blogumuza Abone Ol !"},"content":{"rendered":"<p style=\"text-align: center;\"><strong>Blogumuza tek t\u0131kla abone ol ve yeni yaz\u0131lar mail adresine gelsin!<br \/>\n<\/strong><\/p>\n<p style=\"text-align: center;\"><strong>Mail adresini yaz ve &#8220;Subscribe&#8221; butonuna t\u0131kla.<\/strong><\/p>\n<form style=\"border: 1px solid #ccc; padding: 3px; text-align: center;\" action=\"https:\/\/feedburner.google.com\/fb\/a\/mailverify\" method=\"post\" target=\"popupwindow\">Enter your email address:<\/p>\n<p><input style=\"width: 140px;\" name=\"email\" type=\"text\" \/><\/p>\n<p><input name=\"uri\" type=\"hidden\" value=\"Guzelfikircom\" \/><input name=\"loc\" type=\"hidden\" value=\"en_US\" \/><input type=\"submit\" value=\"Subscribe\" \/><\/p>\n<p>Delivered by FeedBurner<\/p>\n<p>&nbsp;<\/p>\n<\/form>\n","protected":false},"excerpt":{"rendered":"<p>Blogumuza tek t\u0131kla abone ol ve yeni yaz\u0131lar mail adresine gelsin! Mail adresini yaz ve &#8220;Subscribe&#8221; butonuna t\u0131kla. Enter your email address: Delivered by FeedBurner &nbsp;<\/p>\n","protected":false},"author":61,"featured_media":0,"parent":0,"menu_order":0,"comment_status":"closed","ping_status":"closed","template":"","meta":{"footnotes":""},"_links":{"self":[{"href":"https:\/\/guzelfikir.com\/blog\/wp-json\/wp\/v2\/pages\/547"}],"collection":[{"href":"https:\/\/guzelfikir.com\/blog\/wp-json\/wp\/v2\/pages"}],"about":[{"href":"https:\/\/guzelfikir.com\/blog\/wp-json\/wp\/v2\/types\/page"}],"author":[{"embeddable":true,"href":"https:\/\/guzelfikir.com\/blog\/wp-json\/wp\/v2\/users\/61"}],"replies":[{"embeddable":true,"href":"https:\/\/guzelfikir.com\/blog\/wp-json\/wp\/v2\/comments?post=547"}],"version-history":[{"count":1,"href":"https:\/\/guzelfikir.com\/blog\/wp-json\/wp\/v2\/pages\/547\/revisions"}],"predecessor-version":[{"id":7949,"href":"https:\/\/guzelfikir.com\/blog\/wp-json\/wp\/v2\/pages\/547\/revisions\/7949"}],"wp:attachment":[{"href":"https:\/\/guzelfikir.com\/blog\/wp-json\/wp\/v2\/media?parent=547"}],"curies":[{"name":"wp","href":"https:\/\/api.w.org\/{rel}","templated":true}]}}