{"id":579,"date":"2017-01-15T17:05:29","date_gmt":"2017-01-15T14:05:29","guid":{"rendered":"http:\/\/bibilya.com\/?page_id=579"},"modified":"2023-06-10T01:18:19","modified_gmt":"2023-06-09T22:18:19","slug":"iletisim","status":"publish","type":"page","link":"https:\/\/guzelfikir.com\/blog\/iletisim\/","title":{"rendered":"\u0130leti\u015fim"},"content":{"rendered":"<p>Reklam, \u00f6neri ve hukuksal i\u015flemleriniz i\u00e7in: guzelfikircom@gmail.com<\/p>\n","protected":false},"excerpt":{"rendered":"<p>Reklam, \u00f6neri ve hukuksal i\u015flemleriniz i\u00e7in: guzelfikircom@gmail.com<\/p>\n","protected":false},"author":61,"featured_media":0,"parent":0,"menu_order":0,"comment_status":"closed","ping_status":"closed","template":"","meta":{"footnotes":""},"_links":{"self":[{"href":"https:\/\/guzelfikir.com\/blog\/wp-json\/wp\/v2\/pages\/579"}],"collection":[{"href":"https:\/\/guzelfikir.com\/blog\/wp-json\/wp\/v2\/pages"}],"about":[{"href":"https:\/\/guzelfikir.com\/blog\/wp-json\/wp\/v2\/types\/page"}],"author":[{"embeddable":true,"href":"https:\/\/guzelfikir.com\/blog\/wp-json\/wp\/v2\/users\/61"}],"replies":[{"embeddable":true,"href":"https:\/\/guzelfikir.com\/blog\/wp-json\/wp\/v2\/comments?post=579"}],"version-history":[{"count":1,"href":"https:\/\/guzelfikir.com\/blog\/wp-json\/wp\/v2\/pages\/579\/revisions"}],"predecessor-version":[{"id":9780,"href":"https:\/\/guzelfikir.com\/blog\/wp-json\/wp\/v2\/pages\/579\/revisions\/9780"}],"wp:attachment":[{"href":"https:\/\/guzelfikir.com\/blog\/wp-json\/wp\/v2\/media?parent=579"}],"curies":[{"name":"wp","href":"https:\/\/api.w.org\/{rel}","templated":true}]}}